{"id":398,"date":"2016-05-30T18:21:41","date_gmt":"2016-05-30T16:21:41","guid":{"rendered":"http:\/\/onbusys.de\/wp101\/?page_id=398"},"modified":"2016-06-11T12:08:25","modified_gmt":"2016-06-11T10:08:25","slug":"mini-uebersicht-groessenaenderung","status":"publish","type":"page","link":"https:\/\/onbusys.de\/wp101\/mini-belegungsuebersicht-vorlage\/mini-uebersicht-groessenaenderung\/","title":{"rendered":"Mini-\u00dcbersicht: Gr\u00f6\u00dfen\u00e4nderung"},"content":{"rendered":"<div>\n\t<script type=\"text\/javascript\" src=\"https:\/\/onbusys.de\/101\/OBS\/obs_lib.js\"><\/script><script type=\"text\/javascript\">\nvar belbuchkal = new belbuchkal(250,0,556,\"background-color:#ffffff;border:0px solid #909090\",true);\nbelbuchkal.erstelle();\n<\/script>\n<\/div>\n<p>\n\t<span style=\"color:#FF0000;\">Verf&uuml;gbar ab Version OBS X 10.1<\/span>\n<\/p>\n<p>\n\tMithilfe des Parameters &#39;groesse&#39; der Funktion\n<\/p>\n<p>\n\t<span style=\"font-weight:normal;\">belmini(obspfad,objekt,links,zeilen,spalten,css_style,lan,groesse)<\/span>\n<\/p>\n<p>\n\t<span style=\"font-weight:normal;\">aus der OnBuSys-Bibliothek<\/span>\n<\/p>\n<p>\n\t<span style=\"font-weight:normal;\">k&ouml;nnen Sie die Mini-&Uuml;bersicht in verschiedenen Gr&ouml;&szlig;en in Ihren Dokumenten erzeugen.<br \/>\n\tDer Integer-Wert f&uuml;r den Parameter &#39;groesse&#39; gibt an, um wieviel Pixel jede Spalte und jede Zeile, bzgl. des Wertes 0, vergr&ouml;&szlig;ert wird.<br \/>\n\tBei groesse=10 werden die 7 Spalten und 8 Zeilen um jeweils 10 Pixel vergr&ouml;&szlig;ert, d.h. die Breite der &Uuml;bersicht nimmt um 70 Pixel zu, die H&ouml;he um 80 Pixel.<\/span>\n<\/p>\n<p>\n\t<span style=\"font-weight:normal;\">Dieser Parameter ist optional und kann deshalb weggelassen werden. Dann gilt der default-Wert groesse=0.<\/span>\n<\/p>\n<p>\n\t<span style=\"font-weight:normal;\">Nachfolgend sehen Sie ein paar Beispiele mit verschiedenen Gr&ouml;&szlig;en:<\/span>\n<\/p>\n<p>\n\t<span style=\"font-weight:normal;\">groesse=0:<\/span><br \/>\n\t<script type=\"text\/javascript\">\n    var belminikal1 = new belmini(\"onbusys.de\/101\",\"Berg\",2,1,1,\"margin:-10px auto;\",\"de-DE\",0);\n    belminikal1.erstelle();\n<\/script>\n<\/p>\n<p>\n\t<span style=\"font-weight:normal;\">groesse=5:<\/span><br \/>\n\t<script type=\"text\/javascript\">\n    var belminikal2 = new belmini(\"onbusys.de\/101\",\"Berg\",2,1,1,\"margin:-10px auto;\",\"de-DE\",5);\n    belminikal2.erstelle();\n<\/script>\n<\/p>\n<p>\n\t<span style=\"font-weight:normal;\">groesse=10:<\/span><br \/>\n\t<script type=\"text\/javascript\">\n    var belminikal3 = new belmini(\"onbusys.de\/101\",\"Berg\",2,1,1,\"margin:-10px auto;\",\"de-DE\",10);\n    belminikal3.erstelle();\n<\/script>\n<\/p>\n<p>\n\t<span style=\"font-weight:normal;\">groesse=20:<\/span><br \/>\n\t<script type=\"text\/javascript\">\n    var belminikal4 = new belmini(\"onbusys.de\/101\",\"Berg\",2,1,1,\"margin:-10px auto;\",\"de-DE\",20);\n    belminikal4.erstelle();\n<\/script>\n<\/p>\n<p>\n\t<span style=\"font-weight:normal;\">groesse=30:<\/span><br \/>\n\t<script type=\"text\/javascript\">\n    var belminikal5 = new belmini(\"onbusys.de\/101\",\"Berg\",2,1,1,\"margin:-10px auto;\",\"de-DE\",30);\n    belminikal5.erstelle();\n<\/script>\n<\/p>\n<p>\n\t<br \/>\n\t<span style=\"font-weight:normal;\">Selbstverst&auml;ndlich gilt dies auch, wenn mehrere Kalender erzeugt werden: groesse=10:<\/span><br \/>\n\t<script type=\"text\/javascript\">\n    var belminikal6 = new belmini(\"onbusys.de\/101\",\"Berg\",2,2,3,\"margin:-10px auto;\",\"de-DE\",10);\n    belminikal6.erstelle();\n<\/script>\n<\/p>\n<p>\n\t&nbsp;\n<\/p>\n<p>\n\tZum Einf&uuml;gen der &Uuml;bersichten m&uuml;ssen folgende <span style=\"color:#FF8C00;\">farblich markierten<\/span> Codefragmente in den Quellcode (Editor umstellen!) Ihrer Seite eingef&uuml;gt werden, wobei die <span style=\"color:#FF0000;\">rot<\/span> dargestellten Teile durch Ihre Gegebenheiten zu ersetzen sind.\n<\/p>\n<p>\n\tAusf&uuml;hrliche Hinweise hierzu finden Sie in der <a href=\"https:\/\/onbusys.de\/101\/demo\/integration\/bibliothek\" target=\"_blank\">OnBuSys-JS-Bibliothek<\/a>.\n<\/p>\n<p>\n\tEinbinden der Bibliothek am Beginn des Quellcodes der Seite und<br \/>\n\tunsichtbare Erzeugung des Buchungsformulars, falls noch nicht vorhanden\n<\/p>\n<p>\n\t<span style=\"color:#FF8C00;\">&lt;div&gt;<br \/>\n\t&lt;script type=&quot;text\/javascript&quot; src=&quot;http:\/\/<\/span><span style=\"color:#FF0000;\">onbusys.de\/101<\/span><span style=\"color:#FF8C00;\">\/OBS\/obs_lib.js&quot;&gt;&lt;\/script&gt;<br \/>\n\t&lt;script type=&quot;text\/javascript&quot;&gt;<br \/>\n\tvar belbuchkal = new belbuchkal(250,0,556,&quot;background-color:#ffffff;border:0px solid #909090&quot;,true);<br \/>\n\tbelbuchkal.erstelle();<br \/>\n\t&lt;\/script&gt;<\/span><br \/>\n\t<span style=\"color:#FF8C00;\">&lt;\/div&gt;<\/span>\n<\/p>\n<p>\n\tEinbinden der einzelnen Kalender an der Stelle im Quellcode, an der der Kalender erscheinen soll, hier f&uuml;r groesse =5\n<\/p>\n<p>\n\t<span style=\"color:#FF8C00;\">&lt;script type=&quot;text\/javascript&quot;&gt;<br \/>\n\tvar belminikal2 = new belmini(&quot;<\/span><span style=\"color:#FF0000;\">onbusys.de\/101<\/span><span style=\"color:#FF8C00;\">&quot;,&quot;<\/span><span style=\"color:#FF0000;\">Berg<\/span><span style=\"color:#FF8C00;\">&quot;,2,1,1,&quot;margin:-10px auto;&quot;,&quot;de-DE&quot;,5);<br \/>\n\tbelminikal2.erstelle();<br \/>\n\t&lt;\/script&gt;<\/span><br \/>\n\t&nbsp;\n<\/p>\n<p>\n\tEinbinden der 2&#215;3 &Uuml;bersicht an der Stelle im Quellcode, an der die &Uuml;bersicht erscheinen soll, hier f&uuml;r groesse =10\n<\/p>\n<p>\n\t<span style=\"color:#FF8C00;\">&lt;script type=&quot;text\/javascript&quot;&gt;<br \/>\n\tvar belminikal6 = new belmini(&quot;<\/span><span style=\"color:#FF0000;\">onbusys.de\/101<\/span><span style=\"color:#FF8C00;\">&quot;,&quot;<\/span><span style=\"color:#FF0000;\">Berg<\/span><span style=\"color:#FF8C00;\">&quot;,2,2,3,&quot;margin:-10px auto;&quot;,&quot;de-DE&quot;,10);<br \/>\n\tbelminikal6.erstelle();<br \/>\n\t&lt;\/script&gt;<\/span><br \/>\n\t&nbsp;<\/p>\n","protected":false},"excerpt":{"rendered":"<p>Verf&uuml;gbar ab Version OBS X 10.1 Mithilfe des Parameters &#39;groesse&#39; der Funktion belmini(obspfad,objekt,links,zeilen,spalten,css_style,lan,groesse) aus der OnBuSys-Bibliothek k&ouml;nnen Sie die Mini-&Uuml;bersicht in verschiedenen Gr&ouml;&szlig;en in Ihren Dokumenten erzeugen. Der Integer-Wert f&uuml;r den Parameter &#39;groesse&#39; gibt an, um wieviel Pixel jede Spalte und jede Zeile, bzgl. des Wertes 0, vergr&ouml;&szlig;ert wird. Bei groesse=10 werden die 7 Spalten [&hellip;]<\/p>\n","protected":false},"author":1,"featured_media":0,"parent":146,"menu_order":4,"comment_status":"closed","ping_status":"closed","template":"","meta":[],"_links":{"self":[{"href":"https:\/\/onbusys.de\/wp101\/wp-json\/wp\/v2\/pages\/398"}],"collection":[{"href":"https:\/\/onbusys.de\/wp101\/wp-json\/wp\/v2\/pages"}],"about":[{"href":"https:\/\/onbusys.de\/wp101\/wp-json\/wp\/v2\/types\/page"}],"author":[{"embeddable":true,"href":"https:\/\/onbusys.de\/wp101\/wp-json\/wp\/v2\/users\/1"}],"replies":[{"embeddable":true,"href":"https:\/\/onbusys.de\/wp101\/wp-json\/wp\/v2\/comments?post=398"}],"version-history":[{"count":1,"href":"https:\/\/onbusys.de\/wp101\/wp-json\/wp\/v2\/pages\/398\/revisions"}],"predecessor-version":[{"id":404,"href":"https:\/\/onbusys.de\/wp101\/wp-json\/wp\/v2\/pages\/398\/revisions\/404"}],"up":[{"embeddable":true,"href":"https:\/\/onbusys.de\/wp101\/wp-json\/wp\/v2\/pages\/146"}],"wp:attachment":[{"href":"https:\/\/onbusys.de\/wp101\/wp-json\/wp\/v2\/media?parent=398"}],"curies":[{"name":"wp","href":"https:\/\/api.w.org\/{rel}","templated":true}]}}